{"id":11638,"date":"2018-11-26T19:17:59","date_gmt":"2018-11-26T19:17:59","guid":{"rendered":"https:\/\/quortex.eu\/?page_id=11638"},"modified":"2023-05-24T13:26:13","modified_gmt":"2023-05-24T13:26:13","slug":"trawa-syntetyczna","status":"publish","type":"page","link":"https:\/\/quortex.eu\/de\/trawa-syntetyczna\/","title":{"rendered":"Trawa syntetyczna"},"content":{"rendered":"<p><div class=\"fusion-fullwidth fullwidth-box fusion-builder-row-1 fusion-flex-container has-pattern-background has-mask-background nonhundred-percent-fullwidth non-hundred-percent-height-scrolling\" style=\"--awb-border-radius-top-left:0px;--awb-border-radius-top-right:0px;--awb-border-radius-bottom-right:0px;--awb-border-radius-bottom-left:0px;--awb-margin-top:-50px;--awb-flex-wrap:wrap;\" ><div class=\"fusion-builder-row fusion-row fusion-flex-align-items-flex-start fusion-flex-content-wrap\" style=\"max-width:1216.8px;margin-left: calc(-4% \/ 2 );margin-right: calc(-4% \/ 2 );\"><div class=\"fusion-layout-column fusion_builder_column fusion-builder-column-0 fusion_builder_column_1_3 1_3 fusion-flex-column\" style=\"--awb-bg-blend:overlay;--awb-bg-size:cover;--awb-width-large:33.333333333333%;--awb-margin-top-large:0px;--awb-spacing-right-large:5.76%;--awb-margin-bottom-large:0px;--awb-spacing-left-large:5.76%;--awb-width-medium:100%;--awb-spacing-right-medium:1.92%;--awb-spacing-left-medium:1.92%;--awb-width-small:100%;--awb-spacing-right-small:1.92%;--awb-spacing-left-small:1.92%;\"><div class=\"fusion-column-wrapper fusion-flex-justify-content-flex-start fusion-content-layout-column\"><div class=\"fusion-image-element\" style=\"--awb-mask-url: url(https:\/\/quortex.eu\/wp-content\/plugins\/fusion-builder\/\/assets\/images\/masks\/mask-17.svg);--awb-mask-size: cover;--awb-caption-title-font-family:var(--h2_typography-font-family);--awb-caption-title-font-weight:var(--h2_typography-font-weight);--awb-caption-title-font-style:var(--h2_typography-font-style);--awb-caption-title-size:var(--h2_typography-font-size);--awb-caption-title-transform:var(--h2_typography-text-transform);--awb-caption-title-line-height:var(--h2_typography-line-height);--awb-caption-title-letter-spacing:var(--h2_typography-letter-spacing);\"><span class=\"fusion-imageframe imageframe-none imageframe-1 hover-type-none has-mask\"><img decoding=\"async\" src=\"data:image\/gif;base64,R0lGODlhAQABAAAAACH5BAEKAAEALAAAAAABAAEAAAICTAEAOw==\" data-orig-src=\"https:\/\/quortex.eu\/wp-content\/uploads\/2023\/02\/trawa-synt-1-1200x690.jpg\" alt class=\"lazyload img-responsive wp-image-13507\"\/><\/span><\/div><\/div><\/div><div class=\"fusion-layout-column fusion_builder_column fusion-builder-column-1 fusion_builder_column_1_3 1_3 fusion-flex-column\" style=\"--awb-bg-blend:overlay;--awb-bg-size:cover;--awb-width-large:33.333333333333%;--awb-margin-top-large:0px;--awb-spacing-right-large:5.76%;--awb-margin-bottom-large:0px;--awb-spacing-left-large:5.76%;--awb-width-medium:100%;--awb-spacing-right-medium:1.92%;--awb-spacing-left-medium:1.92%;--awb-width-small:100%;--awb-spacing-right-small:1.92%;--awb-spacing-left-small:1.92%;\"><div class=\"fusion-column-wrapper fusion-flex-justify-content-flex-start fusion-content-layout-column\"><div class=\"fusion-image-element\" style=\"--awb-mask-url: url(https:\/\/quortex.eu\/wp-content\/plugins\/fusion-builder\/\/assets\/images\/masks\/mask-17.svg);--awb-mask-size: cover;--awb-caption-title-font-family:var(--h2_typography-font-family);--awb-caption-title-font-weight:var(--h2_typography-font-weight);--awb-caption-title-font-style:var(--h2_typography-font-style);--awb-caption-title-size:var(--h2_typography-font-size);--awb-caption-title-transform:var(--h2_typography-text-transform);--awb-caption-title-line-height:var(--h2_typography-line-height);--awb-caption-title-letter-spacing:var(--h2_typography-letter-spacing);\"><span class=\"fusion-imageframe imageframe-none imageframe-2 hover-type-none has-mask\"><img decoding=\"async\" src=\"data:image\/gif;base64,R0lGODlhAQABAAAAACH5BAEKAAEALAAAAAABAAEAAAICTAEAOw==\" data-orig-src=\"https:\/\/quortex.eu\/wp-content\/uploads\/2023\/02\/trawa-synt-2-1200x696.jpg\" alt class=\"lazyload img-responsive wp-image-13508\"\/><\/span><\/div><\/div><\/div><div class=\"fusion-layout-column fusion_builder_column fusion-builder-column-2 fusion_builder_column_1_3 1_3 fusion-flex-column\" style=\"--awb-bg-blend:overlay;--awb-bg-size:cover;--awb-width-large:33.333333333333%;--awb-margin-top-large:0px;--awb-spacing-right-large:5.76%;--awb-margin-bottom-large:0px;--awb-spacing-left-large:5.76%;--awb-width-medium:100%;--awb-spacing-right-medium:1.92%;--awb-spacing-left-medium:1.92%;--awb-width-small:100%;--awb-spacing-right-small:1.92%;--awb-spacing-left-small:1.92%;\"><div class=\"fusion-column-wrapper fusion-flex-justify-content-flex-start fusion-content-layout-column\"><div class=\"fusion-image-element\" style=\"--awb-mask-url: url(https:\/\/quortex.eu\/wp-content\/plugins\/fusion-builder\/\/assets\/images\/masks\/mask-17.svg);--awb-mask-size: cover;--awb-caption-title-font-family:var(--h2_typography-font-family);--awb-caption-title-font-weight:var(--h2_typography-font-weight);--awb-caption-title-font-style:var(--h2_typography-font-style);--awb-caption-title-size:var(--h2_typography-font-size);--awb-caption-title-transform:var(--h2_typography-text-transform);--awb-caption-title-line-height:var(--h2_typography-line-height);--awb-caption-title-letter-spacing:var(--h2_typography-letter-spacing);\"><span class=\"fusion-imageframe imageframe-none imageframe-3 hover-type-none has-mask\"><img decoding=\"async\" width=\"2560\" height=\"1441\" title=\"Th9\" src=\"https:\/\/quortex.eu\/wp-content\/uploads\/2023\/01\/th9-scaled.jpg\" data-orig-src=\"https:\/\/quortex.eu\/wp-content\/uploads\/2023\/01\/th9-scaled.jpg\" alt class=\"lazyload img-responsive wp-image-13342\" srcset=\"data:image\/svg+xml,%3Csvg%20xmlns%3D%27http%3A%2F%2Fwww.w3.org%2F2000%2Fsvg%27%20width%3D%272560%27%20height%3D%271441%27%20viewBox%3D%270%200%202560%201441%27%3E%3Crect%20width%3D%272560%27%20height%3D%271441%27%20fill-opacity%3D%220%22%2F%3E%3C%2Fsvg%3E\" data-srcset=\"https:\/\/quortex.eu\/wp-content\/uploads\/2023\/01\/th9-scaled-200x113.jpg 200w, https:\/\/quortex.eu\/wp-content\/uploads\/2023\/01\/th9-scaled-400x225.jpg 400w, https:\/\/quortex.eu\/wp-content\/uploads\/2023\/01\/th9-scaled-600x338.jpg 600w, https:\/\/quortex.eu\/wp-content\/uploads\/2023\/01\/th9-scaled-800x450.jpg 800w, https:\/\/quortex.eu\/wp-content\/uploads\/2023\/01\/th9-scaled-1200x675.jpg 1200w, https:\/\/quortex.eu\/wp-content\/uploads\/2023\/01\/th9-scaled.jpg 2560w\" data-sizes=\"auto\" data-orig-sizes=\"(max-width: 1024px) 100vw, (max-width: 640px) 100vw, 400px\" \/><\/span><\/div><\/div><\/div><div class=\"fusion-layout-column fusion_builder_column fusion-builder-column-3 fusion_builder_column_1_1 1_1 fusion-flex-column\" style=\"--awb-padding-top-small:0px;--awb-bg-blend:overlay;--awb-bg-size:cover;--awb-width-large:100%;--awb-margin-top-large:15px;--awb-spacing-right-large:1.92%;--awb-margin-bottom-large:0px;--awb-spacing-left-large:1.92%;--awb-width-medium:100%;--awb-order-medium:0;--awb-spacing-right-medium:1.92%;--awb-spacing-left-medium:1.92%;--awb-width-small:100%;--awb-order-small:0;--awb-margin-top-small:0;--awb-spacing-right-small:1.92%;--awb-spacing-left-small:1.92%;\"><div class=\"fusion-column-wrapper fusion-column-has-shadow fusion-flex-justify-content-flex-start fusion-content-layout-column\"><div class=\"fusion-text fusion-text-1\"><ul>\n<li><a href=\"#1a\">Korzy\u015bci stosowania trawy syntetycznej w ramach nawierzchni sportowej<\/a><\/li>\n<li><a href=\"#1b\">Syntetyczna trawa jako nawierzchnia pod boisko do tenisa lub padla<\/a><\/li>\n<li><a href=\"#1\">Oferta wykonania boisk sportowych z nawierzchni\u0105 opart\u0105 o traw\u0119 syntetyczn\u0105<\/a><\/li>\n<li><a href=\"#4\">Przyk\u0142ady realizacji nawierzchni sportowych przez Quortex<\/a><\/li>\n<\/ul>\n<h2><a name=\"1a\"><\/a>Korzy\u015bci stosowania trawy syntetycznej w ramach nawierzchni sportowej<\/h2>\n<p>Trawa syntetyczna to innowacyjna nawierzchnia wykonana z certyfikowanych tworzyw sztucznych, kt\u00f3ra do z\u0142udzenia przypomina naturaln\u0105 traw\u0119. To dzi\u015b do\u015b\u0107 popularne rozwi\u0105zanie na polach sportowych, poniewa\u017c jest bardziej ekonomiczne i \u0142atwiejsze w utrzymaniu. Wynika to z tego, \u017ce sztuczna trawa nie potrzebuje regularnego podlewania ani koszenia, natomiast jej idealnie r\u00f3wna, stabilna i jednolita powierzchnia pozwala przeprowadzi\u0107 bardziej przewidywaln\u0105 gr\u0119 ze zmniejszonym ryzykiem kontuzji. Dlatego te\u017c doskonale sprawdza si\u0119 w obiektach sportowych przeznaczonych do rozgrywek tenisa, pi\u0142ki no\u017cnej, futbolu ameryka\u0144skiego, rugby i innych gier na trawie.<\/p>\n<p>Nawierzchnia oparta o traw\u0119 syntetyczn\u0105 wyr\u00f3\u017cnia si\u0119 wysok\u0105 trwa\u0142o\u015bci\u0105 i odporno\u015bci\u0105 na warunki atmosferyczne. W przeciwie\u0144stwie do naturalnej trawy zniesie najbardziej intensywny ruch i obci\u0105\u017cenie wielu graczy. Ponadto dobrze znosi wiatr, deszcz i \u015bnieg, dzi\u0119ki czemu nie trzeba jej zwija\u0107. Kolejn\u0105 zalet\u0105 trawy syntetycznej jest estetyczny wygl\u0105d, kt\u00f3ry nie odbarwia si\u0119 pod wp\u0142ywem d\u0142ugotrwa\u0142ej ekspozycji na promieniowanie UV.<\/p>\n<h2><a name=\"1b\"><\/a>Syntetyczna trawa jako nawierzchnia pod boisko do tenisa lub padla<\/h2>\n<p>Nasza firma Quortex specjalizuje si\u0119 w wykonywaniu nawierzchni opartej o traw\u0119 syntetyczn\u0105 o dowolnej grubo\u015bci, g\u0119sto\u015bci i wysoko\u015bci zale\u017cnie od potrzeb w\u0142a\u015bciciela obiektu sportowego. Sztuczna murawa nadaje si\u0119 zar\u00f3wno do tenisa, jak i do popularnej gry w padla, gdy\u017c wysypane mniejsze lub wi\u0119ksze ilo\u015bci piasku stabilizuj\u0105 \u017ad\u017ab\u0142a trawy. W rezultacie tworzy odpowiednie warunki, kt\u00f3re pozwalaj\u0105 poprawi\u0107 jako\u015b\u0107 odbijania si\u0119 pi\u0142ki oraz podnie\u015b\u0107 komfort zawodnik\u00f3w, w tym poruszeniu si\u0119 ich po korcie.<\/p>\n<p>Zach\u0119camy do kontaktu osoby zainteresowane t\u0105 dyscyplin\u0105 sportow\u0105, aby stworzy\u0107 wytrzyma\u0142y i odporny na zu\u017cycie kort we wsp\u00f3\u0142pracy z polskim producentem klatek\/boisk do padla.<\/p>\n<h2 style=\"font-size: 26px;\"><a name=\"1\"><\/a>Oferta wykonania boisk sportowych z nawierzchni\u0105 opart\u0105 o traw\u0119 syntetyczn\u0105<\/h2>\n<p>Wykonujemy boiska sportowe \u2013 nawierzchnie z trawy syntetycznej do pi\u0142ki no\u017cnej, koszyk\u00f3wki, siatk\u00f3wki, padla, boiska wielofunkcyjne.<\/p>\n<p>Wsp\u00f3\u0142pracujemy z w\u0142oskim producentem certyfikowanych traw syntetycznych, dlatego wybudujemy Twoje boisko przy zachowaniu najwy\u017cszych standard\u00f3w jako\u015bci. U\u017cywaj\u0105c komponent\u00f3w najwy\u017cszej jako\u015bci otrzymujemy nawierzchni\u0119 o najlepszych w\u0142a\u015bciwo\u015bciach, zapewniaj\u0105c\u0105 bezpiecze\u0144stwo i komfort.<\/p>\n<p>Wsp\u00f3\u0142pracujemy z polskim producentem klatek\/boisk do padla.<\/p>\n<\/div><\/div><\/div><\/div><\/div><div class=\"fusion-fullwidth fullwidth-box fusion-builder-row-2 fusion-flex-container has-pattern-background has-mask-background nonhundred-percent-fullwidth non-hundred-percent-height-scrolling\" style=\"--awb-border-sizes-top:0px;--awb-border-sizes-bottom:0px;--awb-border-sizes-left:0px;--awb-border-sizes-right:0px;--awb-border-radius-top-left:0px;--awb-border-radius-top-right:0px;--awb-border-radius-bottom-right:0px;--awb-border-radius-bottom-left:0px;--awb-padding-top:0px;--awb-padding-right:30px;--awb-padding-bottom:0px;--awb-padding-left:30px;--awb-padding-top-medium:0px;--awb-padding-top-small:0px;--awb-padding-right-small:30px;--awb-padding-bottom-small:0px;--awb-padding-left-small:30px;--awb-margin-top:0px;--awb-margin-bottom:0px;--awb-margin-top-small:0px;--awb-margin-bottom-small:0px;--awb-background-color:#ffffff;--awb-flex-wrap:wrap;\" ><div class=\"fusion-builder-row fusion-row fusion-flex-align-items-center fusion-flex-content-wrap\" style=\"max-width:1216.8px;margin-left: calc(-4% \/ 2 );margin-right: calc(-4% \/ 2 );\"><div class=\"fusion-layout-column fusion_builder_column fusion-builder-column-4 fusion_builder_column_1_1 1_1 fusion-flex-column\" style=\"--awb-bg-size:cover;--awb-width-large:100%;--awb-margin-top-large:0px;--awb-spacing-right-large:1.92%;--awb-margin-bottom-large:0px;--awb-spacing-left-large:1.92%;--awb-width-medium:100%;--awb-order-medium:0;--awb-spacing-right-medium:1.92%;--awb-spacing-left-medium:1.92%;--awb-width-small:100%;--awb-order-small:0;--awb-spacing-right-small:1.92%;--awb-spacing-left-small:1.92%;\"><div class=\"fusion-column-wrapper fusion-column-has-shadow fusion-flex-justify-content-flex-start fusion-content-layout-column\"><div class=\"fusion-text fusion-text-2\" style=\"--awb-font-size:26px;--awb-text-font-family:-apple-system, BlinkMacSystemFont, &#039;Segoe UI&#039;, Roboto, Oxygen-Sans, Ubuntu, Cantarell, &#039;Helvetica Neue&#039; ,sans-serif;--awb-text-font-style:normal;--awb-text-font-weight:400;\"><h2 style=\"font-size: 26px;\"><a name=\"4\"><\/a>Przyk\u0142ady realizacji nawierzchni sportowych przez Quortex<\/h2>\n<\/div><div class=\"fusion-text fusion-text-3\" style=\"--awb-text-font-family:-apple-system, BlinkMacSystemFont, &#039;Segoe UI&#039;, Roboto, Oxygen-Sans, Ubuntu, Cantarell, &#039;Helvetica Neue&#039; ,sans-serif;--awb-text-font-style:normal;--awb-text-font-weight:400;\"><p>Klicken Sie auf das Bild unten, um eine Fotogalerie mit Beispielen f\u00fcr Sportbodeninstallationsprojekte anzuzeigen.<\/p>\n<\/div><\/div><\/div><div class=\"fusion-layout-column fusion_builder_column fusion-builder-column-5 fusion_builder_column_1_5 1_5 fusion-flex-column fusion-animated\" style=\"--awb-padding-top-small:0px;--awb-padding-right-small:0px;--awb-padding-bottom-small:0px;--awb-padding-left-small:0px;--awb-bg-size:cover;--awb-width-large:20%;--awb-margin-top-large:0px;--awb-spacing-right-large:43.2%;--awb-margin-bottom-large:60px;--awb-spacing-left-large:43.2%;--awb-width-medium:100%;--awb-order-medium:0;--awb-spacing-right-medium:4.8%;--awb-spacing-left-medium:6.72%;--awb-width-small:100%;--awb-order-small:1;--awb-margin-top-small:0;--awb-spacing-right-small:1.92%;--awb-margin-bottom-small:0px;--awb-spacing-left-small:1.92%;\" data-animationtype=\"fadeInRight\" data-animationduration=\"1.6\" data-animationoffset=\"top-into-view\"><div class=\"fusion-column-wrapper fusion-column-has-shadow fusion-flex-justify-content-flex-start fusion-content-layout-column\"><\/div><\/div><div class=\"fusion-layout-column fusion_builder_column fusion-builder-column-6 fusion_builder_column_3_5 3_5 fusion-flex-column fusion-animated\" style=\"--awb-bg-size:cover;--awb-width-large:60%;--awb-margin-top-large:15px;--awb-spacing-right-large:6.4%;--awb-margin-bottom-large:15px;--awb-spacing-left-large:6.4%;--awb-width-medium:100%;--awb-order-medium:0;--awb-spacing-right-medium:1.92%;--awb-spacing-left-medium:1.92%;--awb-width-small:100%;--awb-order-small:0;--awb-margin-top-small:0px;--awb-spacing-right-small:1.92%;--awb-margin-bottom-small:0px;--awb-spacing-left-small:1.92%;\" data-animationtype=\"fadeInLeft\" data-animationduration=\"1.6\" data-animationoffset=\"top-into-view\"><div class=\"fusion-column-wrapper fusion-column-has-shadow fusion-flex-justify-content-center fusion-content-layout-column\"><div class=\"fusion-image-element\" style=\"--awb-caption-title-font-family:var(--h2_typography-font-family);--awb-caption-title-font-weight:var(--h2_typography-font-weight);--awb-caption-title-font-style:var(--h2_typography-font-style);--awb-caption-title-size:var(--h2_typography-font-size);--awb-caption-title-transform:var(--h2_typography-text-transform);--awb-caption-title-line-height:var(--h2_typography-line-height);--awb-caption-title-letter-spacing:var(--h2_typography-letter-spacing);\"><span class=\"fusion-imageframe imageframe-none imageframe-4 hover-type-zoomin\" style=\"border-radius:15px;\"><a class=\"fusion-no-lightbox\" href=\"https:\/\/quortex.eu\/de\/montaz-nawierzchni-sportowych\/\" target=\"_self\" aria-label=\"mn33\"><img decoding=\"async\" width=\"1200\" height=\"676\" src=\"data:image\/svg+xml,%3Csvg%20xmlns%3D%27http%3A%2F%2Fwww.w3.org%2F2000%2Fsvg%27%20width%3D%272560%27%20height%3D%271441%27%20viewBox%3D%270%200%202560%201441%27%3E%3Crect%20width%3D%272560%27%20height%3D%271441%27%20fill-opacity%3D%220%22%2F%3E%3C%2Fsvg%3E\" data-orig-src=\"https:\/\/quortex.eu\/wp-content\/uploads\/2023\/01\/mn33-1200x676.jpg\" alt class=\"lazyload img-responsive wp-image-13294\"\/><\/a><\/span><\/div><div class=\"fusion-title title fusion-title-1 fusion-sep-none fusion-title-center fusion-title-text fusion-title-size-three\" style=\"--awb-text-color:#051529;--awb-margin-top:10px;--awb-margin-top-small:10px;--awb-margin-bottom-small:10px;--awb-font-size:30px;\"><h3 class=\"fusion-title-heading title-heading-center fusion-responsive-typography-calculated\" style=\"font-family:&quot;Merriweather&quot;;font-style:normal;font-weight:400;margin:0;font-size:1em;text-transform:none;--fontSize:30;line-height:1.3;\"><p class=\"entry-title fusion-responsive-typography-calculated\" style=\"text-align: center;\" data-fontsize=\"60\" data-lineheight=\"84px\"><a href=\"\/de\/montaz-nawierzchni-sportowych\/\">Installation von Sportfl\u00e4chen<\/a><\/p><\/h3><\/div><\/div><\/div><div class=\"fusion-layout-column fusion_builder_column fusion-builder-column-7 fusion_builder_column_1_5 1_5 fusion-flex-column fusion-animated\" style=\"--awb-padding-top-small:0px;--awb-padding-right-small:0px;--awb-padding-bottom-small:0px;--awb-padding-left-small:0px;--awb-bg-size:cover;--awb-width-large:20%;--awb-margin-top-large:0px;--awb-spacing-right-large:43.2%;--awb-margin-bottom-large:60px;--awb-spacing-left-large:43.2%;--awb-width-medium:100%;--awb-order-medium:0;--awb-spacing-right-medium:4.8%;--awb-spacing-left-medium:6.72%;--awb-width-small:100%;--awb-order-small:1;--awb-margin-top-small:0;--awb-spacing-right-small:1.92%;--awb-margin-bottom-small:0px;--awb-spacing-left-small:1.92%;\" data-animationtype=\"fadeInRight\" data-animationduration=\"1.6\" data-animationoffset=\"top-into-view\"><div class=\"fusion-column-wrapper fusion-column-has-shadow fusion-flex-justify-content-flex-start fusion-content-layout-column\"><\/div><\/div><\/div><\/div><\/p>","protected":false},"excerpt":{"rendered":"","protected":false},"author":1,"featured_media":0,"parent":0,"menu_order":0,"comment_status":"closed","ping_status":"closed","template":"100-width.php","meta":{"footnotes":""},"class_list":["post-11638","page","type-page","status-publish","hentry"],"yoast_head":"<!-- This site is optimized with the Yoast SEO plugin v26.3 - https:\/\/yoast.com\/wordpress\/plugins\/seo\/ -->\n<title>Trawa syntetyczna - nawierzchnie sportowe dla boisk &#187; Budowa hal, Termoizolacja obiekt\u00f3w, Monta\u017c oraz Naprawa - QUORTEX<\/title>\n<meta name=\"description\" content=\"Oferta nawierzchni sportowych opartych o traw\u0119 syntetyczn\u0105. Nawierzchnie z trawy syntetycznej do pi\u0142ki no\u017cnej, koszyk\u00f3wki, siatk\u00f3wki, padla.\" \/>\n<meta name=\"robots\" content=\"index, follow, max-snippet:-1, max-image-preview:large, max-video-preview:-1\" \/>\n<link rel=\"canonical\" href=\"https:\/\/quortex.eu\/de\/trawa-syntetyczna\/\" \/>\n<meta property=\"og:locale\" content=\"de_DE\" \/>\n<meta property=\"og:type\" content=\"article\" \/>\n<meta property=\"og:title\" content=\"Trawa syntetyczna - nawierzchnie sportowe dla boisk &#187; Budowa hal, Termoizolacja obiekt\u00f3w, Monta\u017c oraz Naprawa - QUORTEX\" \/>\n<meta property=\"og:description\" content=\"Oferta nawierzchni sportowych opartych o traw\u0119 syntetyczn\u0105. Nawierzchnie z trawy syntetycznej do pi\u0142ki no\u017cnej, koszyk\u00f3wki, siatk\u00f3wki, padla.\" \/>\n<meta property=\"og:url\" content=\"https:\/\/quortex.eu\/de\/trawa-syntetyczna\/\" \/>\n<meta property=\"og:site_name\" content=\"Budowa hal, Termoizolacja obiekt\u00f3w, Monta\u017c oraz Naprawa - QUORTEX\" \/>\n<meta property=\"article:publisher\" content=\"https:\/\/www.facebook.com\/quortexsport\" \/>\n<meta property=\"article:modified_time\" content=\"2023-05-24T13:26:13+00:00\" \/>\n<meta name=\"twitter:card\" content=\"summary_large_image\" \/>\n<meta name=\"twitter:label1\" content=\"Gesch\u00e4tzte Lesezeit\" \/>\n\t<meta name=\"twitter:data1\" content=\"11\u00a0Minuten\" \/>\n<script type=\"application\/ld+json\" class=\"yoast-schema-graph\">{\"@context\":\"https:\/\/schema.org\",\"@graph\":[{\"@type\":\"WebPage\",\"@id\":\"https:\/\/quortex.eu\/trawa-syntetyczna\/\",\"url\":\"https:\/\/quortex.eu\/trawa-syntetyczna\/\",\"name\":\"Trawa syntetyczna - nawierzchnie sportowe dla boisk &#187; Budowa hal, Termoizolacja obiekt\u00f3w, Monta\u017c oraz Naprawa - QUORTEX\",\"isPartOf\":{\"@id\":\"https:\/\/quortex.eu\/#website\"},\"datePublished\":\"2018-11-26T19:17:59+00:00\",\"dateModified\":\"2023-05-24T13:26:13+00:00\",\"description\":\"Oferta nawierzchni sportowych opartych o traw\u0119 syntetyczn\u0105. Nawierzchnie z trawy syntetycznej do pi\u0142ki no\u017cnej, koszyk\u00f3wki, siatk\u00f3wki, padla.\",\"breadcrumb\":{\"@id\":\"https:\/\/quortex.eu\/trawa-syntetyczna\/#breadcrumb\"},\"inLanguage\":\"de\",\"potentialAction\":[{\"@type\":\"ReadAction\",\"target\":[\"https:\/\/quortex.eu\/trawa-syntetyczna\/\"]}]},{\"@type\":\"BreadcrumbList\",\"@id\":\"https:\/\/quortex.eu\/trawa-syntetyczna\/#breadcrumb\",\"itemListElement\":[{\"@type\":\"ListItem\",\"position\":1,\"name\":\"Budownictwo sportowe\",\"item\":\"https:\/\/quortex.eu\/\"},{\"@type\":\"ListItem\",\"position\":2,\"name\":\"Monta\u017c nawierzchni sportowych z trawy syntetycznej\"}]},{\"@type\":\"WebSite\",\"@id\":\"https:\/\/quortex.eu\/#website\",\"url\":\"https:\/\/quortex.eu\/\",\"name\":\"Budowa hal, Termoizolacja obiekt\u00f3w, Monta\u017c oraz Naprawa - QUORTEX\",\"description\":\"Termoizolacja, Budowa obiekt\u00f3w sportowych i obni\u017canie koszt\u00f3w eksploatacji, termoizolacja hal sportowych i magazynowych, monta\u017c nawierzchni, renowacja.\",\"publisher\":{\"@id\":\"https:\/\/quortex.eu\/#organization\"},\"potentialAction\":[{\"@type\":\"SearchAction\",\"target\":{\"@type\":\"EntryPoint\",\"urlTemplate\":\"https:\/\/quortex.eu\/?s={search_term_string}\"},\"query-input\":{\"@type\":\"PropertyValueSpecification\",\"valueRequired\":true,\"valueName\":\"search_term_string\"}}],\"inLanguage\":\"de\"},{\"@type\":\"Organization\",\"@id\":\"https:\/\/quortex.eu\/#organization\",\"name\":\"Quortex sp. z o.o.\",\"url\":\"https:\/\/quortex.eu\/\",\"logo\":{\"@type\":\"ImageObject\",\"inLanguage\":\"de\",\"@id\":\"https:\/\/quortex.eu\/#\/schema\/logo\/image\/\",\"url\":\"\",\"contentUrl\":\"\",\"caption\":\"Quortex sp. z o.o.\"},\"image\":{\"@id\":\"https:\/\/quortex.eu\/#\/schema\/logo\/image\/\"},\"sameAs\":[\"https:\/\/www.facebook.com\/quortexsport\"]}]}<\/script>\n<!-- \/ Yoast SEO plugin. -->","yoast_head_json":{"title":"Trawa syntetyczna - nawierzchnie sportowe dla boisk &#187; Budowa hal, Termoizolacja obiekt\u00f3w, Monta\u017c oraz Naprawa - QUORTEX","description":"Oferta nawierzchni sportowych opartych o traw\u0119 syntetyczn\u0105. Nawierzchnie z trawy syntetycznej do pi\u0142ki no\u017cnej, koszyk\u00f3wki, siatk\u00f3wki, padla.","robots":{"index":"index","follow":"follow","max-snippet":"max-snippet:-1","max-image-preview":"max-image-preview:large","max-video-preview":"max-video-preview:-1"},"canonical":"https:\/\/quortex.eu\/de\/trawa-syntetyczna\/","og_locale":"de_DE","og_type":"article","og_title":"Trawa syntetyczna - nawierzchnie sportowe dla boisk &#187; Budowa hal, Termoizolacja obiekt\u00f3w, Monta\u017c oraz Naprawa - QUORTEX","og_description":"Oferta nawierzchni sportowych opartych o traw\u0119 syntetyczn\u0105. Nawierzchnie z trawy syntetycznej do pi\u0142ki no\u017cnej, koszyk\u00f3wki, siatk\u00f3wki, padla.","og_url":"https:\/\/quortex.eu\/de\/trawa-syntetyczna\/","og_site_name":"Budowa hal, Termoizolacja obiekt\u00f3w, Monta\u017c oraz Naprawa - QUORTEX","article_publisher":"https:\/\/www.facebook.com\/quortexsport","article_modified_time":"2023-05-24T13:26:13+00:00","twitter_card":"summary_large_image","twitter_misc":{"Gesch\u00e4tzte Lesezeit":"11\u00a0Minuten"},"schema":{"@context":"https:\/\/schema.org","@graph":[{"@type":"WebPage","@id":"https:\/\/quortex.eu\/trawa-syntetyczna\/","url":"https:\/\/quortex.eu\/trawa-syntetyczna\/","name":"Trawa syntetyczna - nawierzchnie sportowe dla boisk &#187; Budowa hal, Termoizolacja obiekt\u00f3w, Monta\u017c oraz Naprawa - QUORTEX","isPartOf":{"@id":"https:\/\/quortex.eu\/#website"},"datePublished":"2018-11-26T19:17:59+00:00","dateModified":"2023-05-24T13:26:13+00:00","description":"Oferta nawierzchni sportowych opartych o traw\u0119 syntetyczn\u0105. Nawierzchnie z trawy syntetycznej do pi\u0142ki no\u017cnej, koszyk\u00f3wki, siatk\u00f3wki, padla.","breadcrumb":{"@id":"https:\/\/quortex.eu\/trawa-syntetyczna\/#breadcrumb"},"inLanguage":"de","potentialAction":[{"@type":"ReadAction","target":["https:\/\/quortex.eu\/trawa-syntetyczna\/"]}]},{"@type":"BreadcrumbList","@id":"https:\/\/quortex.eu\/trawa-syntetyczna\/#breadcrumb","itemListElement":[{"@type":"ListItem","position":1,"name":"Budownictwo sportowe","item":"https:\/\/quortex.eu\/"},{"@type":"ListItem","position":2,"name":"Monta\u017c nawierzchni sportowych z trawy syntetycznej"}]},{"@type":"WebSite","@id":"https:\/\/quortex.eu\/#website","url":"https:\/\/quortex.eu\/","name":"Hallenbau, W\u00e4rmed\u00e4mmung von Anlagen, Montage und Reparatur - QUORTEX","description":"W\u00e4rmed\u00e4mmung, Bau von Sportanlagen und Senkung der Betriebskosten, W\u00e4rmed\u00e4mmung von Sport- und Lagerhallen, Einbau von Oberfl\u00e4chen, Sanierung.","publisher":{"@id":"https:\/\/quortex.eu\/#organization"},"potentialAction":[{"@type":"SearchAction","target":{"@type":"EntryPoint","urlTemplate":"https:\/\/quortex.eu\/?s={search_term_string}"},"query-input":{"@type":"PropertyValueSpecification","valueRequired":true,"valueName":"search_term_string"}}],"inLanguage":"de"},{"@type":"Organization","@id":"https:\/\/quortex.eu\/#organization","name":"Quortex sp. z o","url":"https:\/\/quortex.eu\/","logo":{"@type":"ImageObject","inLanguage":"de","@id":"https:\/\/quortex.eu\/#\/schema\/logo\/image\/","url":"","contentUrl":"","caption":"Quortex sp. z o.o."},"image":{"@id":"https:\/\/quortex.eu\/#\/schema\/logo\/image\/"},"sameAs":["https:\/\/www.facebook.com\/quortexsport"]}]}},"_links":{"self":[{"href":"https:\/\/quortex.eu\/de\/wp-json\/wp\/v2\/pages\/11638","targetHints":{"allow":["GET"]}}],"collection":[{"href":"https:\/\/quortex.eu\/de\/wp-json\/wp\/v2\/pages"}],"about":[{"href":"https:\/\/quortex.eu\/de\/wp-json\/wp\/v2\/types\/page"}],"author":[{"embeddable":true,"href":"https:\/\/quortex.eu\/de\/wp-json\/wp\/v2\/users\/1"}],"replies":[{"embeddable":true,"href":"https:\/\/quortex.eu\/de\/wp-json\/wp\/v2\/comments?post=11638"}],"version-history":[{"count":0,"href":"https:\/\/quortex.eu\/de\/wp-json\/wp\/v2\/pages\/11638\/revisions"}],"wp:attachment":[{"href":"https:\/\/quortex.eu\/de\/wp-json\/wp\/v2\/media?parent=11638"}],"curies":[{"name":"wp","href":"https:\/\/api.w.org\/{rel}","templated":true}]}}