{"id":13745,"date":"2023-02-18T10:01:36","date_gmt":"2023-02-18T10:01:36","guid":{"rendered":"https:\/\/quortex.eu\/?page_id=13745"},"modified":"2023-02-18T19:56:31","modified_gmt":"2023-02-18T19:56:31","slug":"polityka-prywatnosci","status":"publish","type":"page","link":"https:\/\/quortex.eu\/en\/polityka-prywatnosci\/","title":{"rendered":"privacy policy"},"content":{"rendered":"<div class=\"mp-row-fluid motopress-row mpce-dsbl-margin-left mpce-dsbl-margin-right\">\n<div class=\"mp-span12 motopress-clmn mpce-dsbl-margin-left mpce-dsbl-margin-right\">\n<div class=\"motopress-code-obj\">\n<p><strong>\u00a7.1 Postanowienia Og\u00f3lne<\/strong><\/p>\n<ol>\n<li>Administratorem danych jest Quortex sp. z o.o. z siedzib\u0105 pod adresem ul. M\u0142y\u0144ska 1\/31, Gorz\u00f3w Wielkopolski 66-400, NIP: 5993266012, REGON: 522355897. Ochrona danych odbywa si\u0119 zgodnie z wymogami powszechnie obowi\u0105zuj\u0105cych przepis\u00f3w prawa, a ich przechowywanie ma miejsce na zabezpieczonych serwerach.<\/li>\n<li>Dla interpretacji termin\u00f3w stosuje si\u0119 s\u0142owniczek Regulaminu lub tak jak zosta\u0142o to opisane w Polityce Prywatno\u015bci (je\u017celi wynika to bezpo\u015brednio z opisu).<\/li>\n<li>Na potrzeby lepszego odbioru Polityki Prywatno\u015bci termin \u201eU\u017cytkownik\u201d zast\u0105piony zosta\u0142 okre\u015bleniem \u201eTy\u201d, \u00a0\u201eAdministrator\u201d \u2013 \u201eMy\u201d. Termin \u201eRODO\u201d oznacza Rozporz\u0105dzenie Parlamentu Europejskiego i Rady (UE) 2016\/679 z dnia 27 kwietnia 2016 r. w sprawie ochrony os\u00f3b fizycznych w zwi\u0105zku z przetwarzaniem danych osobowych i w sprawie swobodnego przep\u0142ywu takich danych oraz uchylenia dyrektywy 95\/46\/WE.<\/li>\n<li>Szanujemy prawo do prywatno\u015bci i dbamy o bezpiecze\u0144stwo danych.<\/li>\n<li>Dane osobowe podawane w formularzu s\u0105 traktowane jako poufne i nie s\u0105 widoczne dla os\u00f3b nieuprawnionych.<\/li>\n<\/ol>\n<p><strong>\u00a72. Administrator Danych<\/strong><\/p>\n<ol>\n<li>Us\u0142ugodawca jest administratorem danych swoich klient\u00f3w. Oznacza to, \u017ce je\u015bli wpiszesz w formularzu swoje dane (imi\u0119, nazwisko, adres e-mail, adres IP.), to b\u0119d\u0105 one przetwarzane tylko w celu realizacji Twojego zapytania wys\u0142anego przez formularz.<\/li>\n<li>Dane osobowe przetwarzane s\u0105:\n<ul>\n<li>zgodnie z przepisami dotycz\u0105cymi ochrony danych osobowych,<\/li>\n<li>zgodnie z wdro\u017con\u0105 Polityk\u0105 Prywatno\u015bci,<\/li>\n<li>w zakresie i celu niezb\u0119dnym do nawi\u0105zania, ukszta\u0142towania tre\u015bci Umowy, zmiany b\u0105d\u017a jej rozwi\u0105zania oraz prawid\u0142owej realizacji Us\u0142ug \u015bwiadczonych drog\u0105 elektroniczn\u0105,<\/li>\n<li>w zakresie i celu niezb\u0119dnym do wype\u0142nienia uzasadnionych interes\u00f3w (prawnie usprawiedliwionych cel\u00f3w), a przetwarzanie nie narusza praw i wolno\u015bci osoby, kt\u00f3rej dane dotycz\u0105:\n<ul>\n<li>w zakresie i celu zgodnym ze zgod\u0105 wyra\u017con\u0105 przez Ciebie je\u015bli [przyk\u0142adowo] wys\u0142a\u0142e\u015b wiadomo\u015b\u0107 e-mail przez formularz kontaktowy,<\/li>\n<\/ul>\n<\/li>\n<\/ul>\n<\/li>\n<li>Ka\u017cda osoba, kt\u00f3rej dane dotycz\u0105 ma prawo dost\u0119pu do danych, sprostowania, usuni\u0119cia lub ograniczenia przetwarzania, prawo sprzeciwu, prawo wniesienia skargi do organu nadzorczego.<\/li>\n<li>Kontakt z osob\u0105 nadzoruj\u0105c\u0105 przetwarzanie danych osobowych w organizacji Us\u0142ugodawcy jest mo\u017cliwy drog\u0105 elektroniczn\u0105 pod adresem e-mail: biuro@quortex.eu<\/li>\n<li>Zastrzegamy sobie prawo do przetwarzania Twoich danych po rozwi\u0105zaniu Umowy lub cofni\u0119ciu zgody tylko w zakresie na potrzeby dochodzenia ewentualnych roszcze\u0144 przed s\u0105dem lub je\u017celi przepisy krajowe albo unijne b\u0105d\u017a\u00a0prawa mi\u0119dzynarodowego obliguj\u0105 nas do retencji danych.<\/li>\n<li>Us\u0142ugodawca ma prawo udost\u0119pnia\u0107 dane osobowe U\u017cytkownika oraz innych jego danych podmiotom upowa\u017cnionym na podstawie w\u0142a\u015bciwych przepis\u00f3w prawa (np. organom \u015bcigania).<\/li>\n<li>Usuni\u0119cie danych osobowych mo\u017ce nast\u0105pi\u0107 na skutek cofni\u0119cia zgody, b\u0105d\u017a wniesienia prawnie dopuszczalnego sprzeciwu na przetwarzanie danych osobowych.<\/li>\n<li>Us\u0142ugodawca nie udost\u0119pniania danych osobowych innym podmiotom ani\u017celi upowa\u017cnionym na podstawie w\u0142a\u015bciwych przepis\u00f3w prawa.<\/li>\n<li>Dane osobowe przetwarzaj\u0105 osoby wy\u0142\u0105cznie upowa\u017cnione przez nas albo przetwarzaj\u0105cy, z kt\u00f3rymi \u015bci\u015ble wsp\u00f3\u0142pracujemy.<\/li>\n<\/ol>\n<\/div>\n<\/div>\n<\/div>\n<div class=\"mp-row-fluid motopress-row mpce-dsbl-margin-left mpce-dsbl-margin-right\"><\/div>\n<div class=\"mp-row-fluid motopress-row mpce-dsbl-margin-left mpce-dsbl-margin-right\">\n<div class=\"mp-span12 motopress-clmn mpce-dsbl-margin-left mpce-dsbl-margin-right\">\n<div class=\"motopress-code-obj\">\n<p><strong>\u00a73. Pliki cookies<\/strong><\/p>\n<ol>\n<li>Witryna www.quortex.eu u\u017cywa cookies. S\u0105 to niewielkie pliki tekstowe wysy\u0142ane przez serwer www i przechowywane przez oprogramowanie komputera przegl\u0105darki. Kiedy przegl\u0105darka ponownie po\u0142\u0105czy si\u0119 ze stron\u0105, witryna rozpoznaje rodzaj urz\u0105dzenia, z kt\u00f3rego \u0142\u0105czy si\u0119 u\u017cytkownik. Parametry pozwalaj\u0105 na odczytanie informacji w nich zawartych jedynie serwerowi, kt\u00f3ry je utworzy\u0142. Cookies u\u0142atwiaj\u0105 wi\u0119c korzystanie z wcze\u015bniej odwiedzonych witryn.Gromadzone informacje dotycz\u0105 adresu IP, typu wykorzystywanej przegl\u0105darki, j\u0119zyka, rodzaju systemu operacyjnego, dostawcy us\u0142ug internetowych, informacji o czasie i dacie, lokalizacji oraz informacji przesy\u0142anych do witryny za po\u015brednictwem formularza kontaktowego.<\/li>\n<li>Zebrane dane s\u0142u\u017c\u0105 do monitorowania i sprawdzenia, w jaki spos\u00f3b u\u017cytkownicy korzystaj\u0105 z naszych witryn, aby usprawnia\u0107 funkcjonowanie serwisu zapewniaj\u0105c bardziej efektywn\u0105 i bezproblemow\u0105 nawigacj\u0119. Monitorowania informacji o u\u017cytkownikach dokonujemy korzystaj\u0105c z narz\u0119dzia Google Analitics, kt\u00f3re rejestruje zachowanie u\u017cytkownika na stronie.Cookies identyfikuje u\u017cytkownika, co pozwala na dopasowanie tre\u015bci witryny, z kt\u00f3rej korzysta, do jego potrzeb. Zapami\u0119tuj\u0105c jego preferencje, umo\u017cliwia odpowiednie dopasowanie skierowanych do niego reklam. Stosujemy pliki cookies, aby zagwarantowa\u0107 najwy\u017cszy standard wygody naszego serwisu, a zebrane dane s\u0105 wykorzystywane jedynie wewn\u0105trz firmy Quortex sp. z o.o. w celu optymalizacji dzia\u0142a\u0144.<\/li>\n<li>Na naszej witrynie wykorzystujemy nast\u0119puj\u0105ce pliki cookies:\n<ul>\n<li>\u201eniezb\u0119dne\u201d pliki cookies, umo\u017cliwiaj\u0105ce korzystanie z us\u0142ug dost\u0119pnych w ramach serwisu, np. uwierzytelniaj\u0105ce pliki cookies wykorzystywane do us\u0142ug wymagaj\u0105cych uwierzytelniania w ramach serwisu;<\/li>\n<li>pliki cookies s\u0142u\u017c\u0105ce do zapewnienia bezpiecze\u0144stwa, np. wykorzystywane do wykrywania nadu\u017cy\u0107 w zakresie uwierzytelniania w ramach serwisu;<\/li>\n<li>\u201ewydajno\u015bciowe\u201d pliki cookies, umo\u017cliwiaj\u0105ce zbieranie informacji o sposobie korzystania ze stron internetowych serwisu;<\/li>\n<li>\u201efunkcjonalne\u201d pliki cookies, umo\u017cliwiaj\u0105ce \u201ezapami\u0119tanie\u201d wybranych przez u\u017cytkownika ustawie\u0144 i personalizacj\u0119 interfejsu u\u017cytkownika, np. w zakresie wybranego j\u0119zyka lub regionu, z kt\u00f3rego pochodzi u\u017cytkownik, rozmiaru czcionki, wygl\u0105du strony internetowej itp.;<\/li>\n<li>U\u017cytkownik w ka\u017cdej chwili ma mo\u017cliwo\u015b\u0107 wy\u0142\u0105czenia lub przywr\u00f3cenia opcji gromadzenia cookies poprzez zmian\u0119 ustawie\u0144 w przegl\u0105darce internetowej.<\/li>\n<\/ul>\n<\/li>\n<\/ol>\n<p>Dodatkowe dane osobowe, jak adres e-mail, zbierane s\u0105 jedynie w miejscach, w kt\u00f3rych u\u017cytkownik wype\u0142niaj\u0105c formularz wyra\u017anie wyrazi\u0142 na to zgod\u0119. Powy\u017csze dane zachowujemy i wykorzystujemy tylko do potrzeb niezb\u0119dnych do wykonania danej funkcji.<\/p>\n<\/div>\n<\/div>\n<\/div>","protected":false},"excerpt":{"rendered":"<p>\u00a7.1 Postanowienia Og\u00f3lne Administratorem danych jest Quortex sp. z o.o.<\/p>","protected":false},"author":1,"featured_media":0,"parent":0,"menu_order":0,"comment_status":"closed","ping_status":"closed","template":"","meta":{"footnotes":""},"class_list":["post-13745","page","type-page","status-publish","hentry"],"yoast_head":"<!-- This site is optimized with the Yoast SEO plugin v26.3 - https:\/\/yoast.com\/wordpress\/plugins\/seo\/ -->\n<title>Polityka prywatno\u015bci - regu\u0142y stosowania plik\u00f3w cookies Budowa hal, Termoizolacja obiekt\u00f3w, Monta\u017c oraz Naprawa - QUORTEX<\/title>\n<meta name=\"description\" content=\"Zasady przetwarzania danych osobowych oraz plik\u00f3w cookies na stronie internetowej quortex.eu - budownictwo sportowe, termoizolacje hal.\" \/>\n<meta name=\"robots\" content=\"index, follow, max-snippet:-1, max-image-preview:large, max-video-preview:-1\" \/>\n<link rel=\"canonical\" href=\"https:\/\/quortex.eu\/en\/polityka-prywatnosci\/\" \/>\n<meta property=\"og:locale\" content=\"en_US\" \/>\n<meta property=\"og:type\" content=\"article\" \/>\n<meta property=\"og:title\" content=\"Polityka prywatno\u015bci - regu\u0142y stosowania plik\u00f3w cookies Budowa hal, Termoizolacja obiekt\u00f3w, Monta\u017c oraz Naprawa - QUORTEX\" \/>\n<meta property=\"og:description\" content=\"Zasady przetwarzania danych osobowych oraz plik\u00f3w cookies na stronie internetowej quortex.eu - budownictwo sportowe, termoizolacje hal.\" \/>\n<meta property=\"og:url\" content=\"https:\/\/quortex.eu\/en\/polityka-prywatnosci\/\" \/>\n<meta property=\"og:site_name\" content=\"Budowa hal, Termoizolacja obiekt\u00f3w, Monta\u017c oraz Naprawa - QUORTEX\" \/>\n<meta property=\"article:publisher\" content=\"https:\/\/www.facebook.com\/quortexsport\" \/>\n<meta property=\"article:modified_time\" content=\"2023-02-18T19:56:31+00:00\" \/>\n<meta name=\"twitter:card\" content=\"summary_large_image\" \/>\n<meta name=\"twitter:label1\" content=\"Est. reading time\" \/>\n\t<meta name=\"twitter:data1\" content=\"5 minutes\" \/>\n<script type=\"application\/ld+json\" class=\"yoast-schema-graph\">{\"@context\":\"https:\/\/schema.org\",\"@graph\":[{\"@type\":\"WebPage\",\"@id\":\"https:\/\/quortex.eu\/polityka-prywatnosci\/\",\"url\":\"https:\/\/quortex.eu\/polityka-prywatnosci\/\",\"name\":\"Polityka prywatno\u015bci - regu\u0142y stosowania plik\u00f3w cookies Budowa hal, Termoizolacja obiekt\u00f3w, Monta\u017c oraz Naprawa - QUORTEX\",\"isPartOf\":{\"@id\":\"https:\/\/quortex.eu\/#website\"},\"datePublished\":\"2023-02-18T10:01:36+00:00\",\"dateModified\":\"2023-02-18T19:56:31+00:00\",\"description\":\"Zasady przetwarzania danych osobowych oraz plik\u00f3w cookies na stronie internetowej quortex.eu - budownictwo sportowe, termoizolacje hal.\",\"breadcrumb\":{\"@id\":\"https:\/\/quortex.eu\/polityka-prywatnosci\/#breadcrumb\"},\"inLanguage\":\"en-US\",\"potentialAction\":[{\"@type\":\"ReadAction\",\"target\":[\"https:\/\/quortex.eu\/polityka-prywatnosci\/\"]}]},{\"@type\":\"BreadcrumbList\",\"@id\":\"https:\/\/quortex.eu\/polityka-prywatnosci\/#breadcrumb\",\"itemListElement\":[{\"@type\":\"ListItem\",\"position\":1,\"name\":\"Budownictwo sportowe\",\"item\":\"https:\/\/quortex.eu\/\"},{\"@type\":\"ListItem\",\"position\":2,\"name\":\"Zasady przetwarzania danych osobowych oraz regu\u0142y stosowania plik\u00f3w cookies\"}]},{\"@type\":\"WebSite\",\"@id\":\"https:\/\/quortex.eu\/#website\",\"url\":\"https:\/\/quortex.eu\/\",\"name\":\"Budowa hal, Termoizolacja obiekt\u00f3w, Monta\u017c oraz Naprawa - QUORTEX\",\"description\":\"Termoizolacja, Budowa obiekt\u00f3w sportowych i obni\u017canie koszt\u00f3w eksploatacji, termoizolacja hal sportowych i magazynowych, monta\u017c nawierzchni, renowacja.\",\"publisher\":{\"@id\":\"https:\/\/quortex.eu\/#organization\"},\"potentialAction\":[{\"@type\":\"SearchAction\",\"target\":{\"@type\":\"EntryPoint\",\"urlTemplate\":\"https:\/\/quortex.eu\/?s={search_term_string}\"},\"query-input\":{\"@type\":\"PropertyValueSpecification\",\"valueRequired\":true,\"valueName\":\"search_term_string\"}}],\"inLanguage\":\"en-US\"},{\"@type\":\"Organization\",\"@id\":\"https:\/\/quortex.eu\/#organization\",\"name\":\"Quortex sp. z o.o.\",\"url\":\"https:\/\/quortex.eu\/\",\"logo\":{\"@type\":\"ImageObject\",\"inLanguage\":\"en-US\",\"@id\":\"https:\/\/quortex.eu\/#\/schema\/logo\/image\/\",\"url\":\"\",\"contentUrl\":\"\",\"caption\":\"Quortex sp. z o.o.\"},\"image\":{\"@id\":\"https:\/\/quortex.eu\/#\/schema\/logo\/image\/\"},\"sameAs\":[\"https:\/\/www.facebook.com\/quortexsport\"]}]}<\/script>\n<!-- \/ Yoast SEO plugin. -->","yoast_head_json":{"title":"Polityka prywatno\u015bci - regu\u0142y stosowania plik\u00f3w cookies Budowa hal, Termoizolacja obiekt\u00f3w, Monta\u017c oraz Naprawa - QUORTEX","description":"Zasady przetwarzania danych osobowych oraz plik\u00f3w cookies na stronie internetowej quortex.eu - budownictwo sportowe, termoizolacje hal.","robots":{"index":"index","follow":"follow","max-snippet":"max-snippet:-1","max-image-preview":"max-image-preview:large","max-video-preview":"max-video-preview:-1"},"canonical":"https:\/\/quortex.eu\/en\/polityka-prywatnosci\/","og_locale":"en_US","og_type":"article","og_title":"Polityka prywatno\u015bci - regu\u0142y stosowania plik\u00f3w cookies Budowa hal, Termoizolacja obiekt\u00f3w, Monta\u017c oraz Naprawa - QUORTEX","og_description":"Zasady przetwarzania danych osobowych oraz plik\u00f3w cookies na stronie internetowej quortex.eu - budownictwo sportowe, termoizolacje hal.","og_url":"https:\/\/quortex.eu\/en\/polityka-prywatnosci\/","og_site_name":"Budowa hal, Termoizolacja obiekt\u00f3w, Monta\u017c oraz Naprawa - QUORTEX","article_publisher":"https:\/\/www.facebook.com\/quortexsport","article_modified_time":"2023-02-18T19:56:31+00:00","twitter_card":"summary_large_image","twitter_misc":{"Est. reading time":"5 minutes"},"schema":{"@context":"https:\/\/schema.org","@graph":[{"@type":"WebPage","@id":"https:\/\/quortex.eu\/polityka-prywatnosci\/","url":"https:\/\/quortex.eu\/polityka-prywatnosci\/","name":"Polityka prywatno\u015bci - regu\u0142y stosowania plik\u00f3w cookies Budowa hal, Termoizolacja obiekt\u00f3w, Monta\u017c oraz Naprawa - QUORTEX","isPartOf":{"@id":"https:\/\/quortex.eu\/#website"},"datePublished":"2023-02-18T10:01:36+00:00","dateModified":"2023-02-18T19:56:31+00:00","description":"Zasady przetwarzania danych osobowych oraz plik\u00f3w cookies na stronie internetowej quortex.eu - budownictwo sportowe, termoizolacje hal.","breadcrumb":{"@id":"https:\/\/quortex.eu\/polityka-prywatnosci\/#breadcrumb"},"inLanguage":"en-US","potentialAction":[{"@type":"ReadAction","target":["https:\/\/quortex.eu\/polityka-prywatnosci\/"]}]},{"@type":"BreadcrumbList","@id":"https:\/\/quortex.eu\/polityka-prywatnosci\/#breadcrumb","itemListElement":[{"@type":"ListItem","position":1,"name":"Budownictwo sportowe","item":"https:\/\/quortex.eu\/"},{"@type":"ListItem","position":2,"name":"Zasady przetwarzania danych osobowych oraz regu\u0142y stosowania plik\u00f3w cookies"}]},{"@type":"WebSite","@id":"https:\/\/quortex.eu\/#website","url":"https:\/\/quortex.eu\/","name":"Construction of halls, Thermal insulation of facilities, Assembly and Repair - QUORTEX","description":"Thermal insulation, Construction of sports facilities and reducing operating costs, thermal insulation of sports halls and warehouses, installation of surfaces, renovation.","publisher":{"@id":"https:\/\/quortex.eu\/#organization"},"potentialAction":[{"@type":"SearchAction","target":{"@type":"EntryPoint","urlTemplate":"https:\/\/quortex.eu\/?s={search_term_string}"},"query-input":{"@type":"PropertyValueSpecification","valueRequired":true,"valueName":"search_term_string"}}],"inLanguage":"en-US"},{"@type":"Organization","@id":"https:\/\/quortex.eu\/#organization","name":"Quortex sp. z o. o","url":"https:\/\/quortex.eu\/","logo":{"@type":"ImageObject","inLanguage":"en-US","@id":"https:\/\/quortex.eu\/#\/schema\/logo\/image\/","url":"","contentUrl":"","caption":"Quortex sp. z o.o."},"image":{"@id":"https:\/\/quortex.eu\/#\/schema\/logo\/image\/"},"sameAs":["https:\/\/www.facebook.com\/quortexsport"]}]}},"_links":{"self":[{"href":"https:\/\/quortex.eu\/en\/wp-json\/wp\/v2\/pages\/13745","targetHints":{"allow":["GET"]}}],"collection":[{"href":"https:\/\/quortex.eu\/en\/wp-json\/wp\/v2\/pages"}],"about":[{"href":"https:\/\/quortex.eu\/en\/wp-json\/wp\/v2\/types\/page"}],"author":[{"embeddable":true,"href":"https:\/\/quortex.eu\/en\/wp-json\/wp\/v2\/users\/1"}],"replies":[{"embeddable":true,"href":"https:\/\/quortex.eu\/en\/wp-json\/wp\/v2\/comments?post=13745"}],"version-history":[{"count":0,"href":"https:\/\/quortex.eu\/en\/wp-json\/wp\/v2\/pages\/13745\/revisions"}],"wp:attachment":[{"href":"https:\/\/quortex.eu\/en\/wp-json\/wp\/v2\/media?parent=13745"}],"curies":[{"name":"wp","href":"https:\/\/api.w.org\/{rel}","templated":true}]}}